{"id":57,"date":"2012-08-29T11:07:56","date_gmt":"2012-08-29T09:07:56","guid":{"rendered":"http:\/\/natalie.romanbaselgia.ch\/?page_id=57"},"modified":"2023-01-21T20:57:31","modified_gmt":"2023-01-21T18:57:31","slug":"about","status":"publish","type":"page","link":"https:\/\/www.natalie-achermann.ch\/?page_id=57","title":{"rendered":"ABOUT"},"content":{"rendered":"<p><strong>Herzlich willkommen!<\/strong><\/p>\n<p>Ich habe im Herbst 2013 mein Studium in Media Engineering an der <strong><a title=\"htw\" href=\"http:\/\/www.fh-htwchur.ch\" target=\"_blank\" rel=\"noopener\">HTW Chur<\/a><\/strong> abgeschlossen. Auf diesem Online-Portfolio findet ihr einige meiner Arbeiten, die im Rahmen dieses Studiums oder in meiner Freizeit entstanden sind. Die Grundpfeiler des MMP Studiums sind die drei Module \u00abSchreiben und Sprechen\u00bb, \u00abVisualisieren\u00bb\u00a0 und\u00a0\u00abInteraktive Medien\u00bb. In diese drei Bereiche sind auch meine Arbeiten auf dieser Webseite aufgeteilt: <strong><a title=\"schreiben\" href=\"http:\/\/natalie-achermann.ch\/?cat=5\">SCHREIBEN<\/a><\/strong>, <strong><a title=\"gestalten\" href=\"http:\/\/natalie-achermann.ch\/?cat=4\">GESTALTEN<\/a><\/strong>, <strong><a title=\"programmieren\" href=\"http:\/\/natalie-achermann.ch\/?cat=8\">PROGRAMMIEREN<\/a><\/strong>.<\/p>\n<p>Seit Februar 2014 arbeite ich als Usability Engineer bei der<a title=\"Z\u00fchlke Engineering AG\" href=\"http:\/\/www.zuehlke.com\/\" target=\"_blank\" rel=\"noopener\"><strong> Z\u00fchlke Engineering AG<\/strong><\/a>.<\/p>\n<p>Wenn ihr ein Feedback zu meinem Portfolio oder einer bestimmten Arbeit habt, freue ich mich \u00fcber eure Kontaktaufnahme \u00fcber das Formular unten oder \u00fcber die Kommentarfunktion unter den jeweiligen Beitr\u00e4gen.<\/p>\n<p><a href=\"http:\/\/natalie-achermann.ch\/wp-content\/uploads\/2012\/08\/IMG_0690_2.jpg\"><img decoding=\"async\" loading=\"lazy\" class=\"size-medium wp-image-490 alignleft\" title=\"IMG_0690_2\" src=\"http:\/\/natalie-achermann.ch\/wp-content\/uploads\/2012\/08\/IMG_0690_2-300x200.jpg\" alt=\"\" width=\"300\" height=\"200\" srcset=\"https:\/\/www.natalie-achermann.ch\/wp-content\/uploads\/2012\/08\/IMG_0690_2-300x200.jpg 300w, https:\/\/www.natalie-achermann.ch\/wp-content\/uploads\/2012\/08\/IMG_0690_2-120x80.jpg 120w, https:\/\/www.natalie-achermann.ch\/wp-content\/uploads\/2012\/08\/IMG_0690_2.jpg 567w\" sizes=\"(max-width: 300px) 100vw, 300px\" \/><\/a><\/p>\n<p><strong>Kontaktformular<\/strong><\/p>\n<p>Ich freue mich \u00fcber Kommentare, Anregungen, Fragen usw.<\/p>\n<form method=\"post\" id=\"cntctfrm_contact_form\" class=\"cntctfrm_contact_form cntctfrm_one_column cntctfrm_ltr cntctfrm_width_default\" action=\"\/index.php?rest_route=%2Fwp%2Fv2%2Fpages%2F57#cntctfrm_contact_form\" enctype=\"multipart\/form-data\"><div id=\"cntctfrm_first_column\" class=\"cntctfrm_column\"><div class=\"cntctfrm_field_wrap cntctfrm_field_name_wrap\"namecontact><div class=\"cntctfrm_label cntctfrm_label_name\">\n\t\t\t\t\t\t\t\t\t\t<label for=\"cntctfrm_contact_name\">Name: <span class=\"required\">*<\/span><\/label><\/div><div class=\"cntctfrm_input cntctfrm_input_name\">\n\t\t\t\t\t\t\t\t\t\t<input namecontact class=\"text\" type=\"text\" size=\"40\" value=\"\" name=\"cntctfrm_contact_name\" id=\"cntctfrm_contact_name\" \/><\/div><\/div><div class=\"cntctfrm_field_wrap cntctfrm_field_email_wrap\"email><div class=\"cntctfrm_label cntctfrm_label_email\">\n\t\t\t\t\t\t\t\t\t\t<label for=\"cntctfrm_contact_email\">E-Mail Adresse:: <span class=\"required\">*<\/span><\/label>\n\t\t\t\t\t\t\t\t\t<\/div><div class=\"cntctfrm_input cntctfrm_input_email\">\n\t\t\t\t\t\t\t\t\t\t<input email class=\"text\" type=\"text\" size=\"40\" value=\"\" name=\"cntctfrm_contact_email\" id=\"cntctfrm_contact_email\" \/><\/div><\/div><div class=\"cntctfrm_field_wrap cntctfrm_field_subject_wrap\"subject><div class=\"cntctfrm_label cntctfrm_label_subject\">\n\t\t\t\t\t\t\t\t\t\t<label for=\"cntctfrm_contact_subject\">Betreff: <span class=\"required\">*<\/span><\/label>\n\t\t\t\t\t\t\t\t\t<\/div><div class=\"cntctfrm_input cntctfrm_input_subject\">\n\t\t\t\t\t\t\t\t\t<input subjectclass=\"text\" type=\"text\" size=\"40\" value=\"\" name=\"cntctfrm_contact_subject\" id=\"cntctfrm_contact_subject\" \/><\/div><\/div><div class=\"cntctfrm_field_wrap cntctfrm_field_message_wrap\"message><div class=\"cntctfrm_label cntctfrm_label_message\">\n\t\t\t\t\t\t\t\t\t<label for=\"cntctfrm_contact_message\">Inhalt: <span class=\"required\">*<\/span><\/label>\n\t\t\t\t\t\t\t\t<\/div><div class=\"cntctfrm_input cntctfrm_input_message\">\n\t\t\t\t\t\t\t\t\t<textarea message rows=\"5\" cols=\"30\" name=\"cntctfrm_contact_message\" id=\"cntctfrm_contact_message\"><\/textarea><\/div><\/div><\/div><div class=\"clear\"><\/div><div class=\"cntctfrm_submit_wrap\"><div id=\"cntctfrm_submit_first_column\" class=\"cntctfrm_column\"><div class=\"cntctfrm_input cntctfrm_input_submit\"><input type=\"hidden\" value=\"send\" name=\"cntctfrm_contact_action\">\n\t\t\t\t\t\t\t<input type=\"hidden\" value=\"default\" name=\"cntctfrm_language\">\n\t\t\t\t\t\t\t<input type=\"hidden\" value=\"1\" name=\"cntctfrm_form_submited\">\n\t\t\t\t\t\t\t<input type=\"hidden\" value=\"cntctfrm_options\" name=\"cntctfrm_options_name\">\n\t\t\t\t\t\t\t<input type=\"submit\" value=\"Senden\" class=\"cntctfrm_contact_submit\" \/>\n\t\t\t\t\t\t<\/div><\/div><div id=\"cntctfrm_submit_second_column\" class=\"cntctfrm_column\"><\/div><div class=\"clear\"><\/div>\n\t\t\t<\/div>\n\t\t\t<\/form>\n<p><a href=\"http:\/\/www.xing.com\/profile\/Natalie_Achermann\" target=\"_blank\" rel=\"me noopener\"><img decoding=\"async\" loading=\"lazy\" src=\"http:\/\/www.xing.com\/img\/buttons\/10_en_btn.gif\" alt=\"Natalie Achermann\" width=\"85\" height=\"23\" \/><\/a><\/p>\n","protected":false},"excerpt":{"rendered":"<p>Herzlich willkommen! Ich habe im Herbst 2013 mein Studium in Media Engineering an der HTW Chur abgeschlossen. Auf diesem Online-Portfolio findet ihr einige meiner Arbeiten, die im Rahmen dieses Studiums oder in meiner Freizeit entstanden sind. Die Grundpfeiler des MMP Studiums sind die drei Module \u00abSchreiben und Sprechen\u00bb, \u00abVisualisieren\u00bb\u00a0 und\u00a0\u00abInteraktive Medien\u00bb. In diese drei Bereiche [&hellip;]<\/p>\n","protected":false},"author":1,"featured_media":0,"parent":0,"menu_order":0,"comment_status":"closed","ping_status":"closed","template":"","meta":[],"_links":{"self":[{"href":"https:\/\/www.natalie-achermann.ch\/index.php?rest_route=\/wp\/v2\/pages\/57"}],"collection":[{"href":"https:\/\/www.natalie-achermann.ch\/index.php?rest_route=\/wp\/v2\/pages"}],"about":[{"href":"https:\/\/www.natalie-achermann.ch\/index.php?rest_route=\/wp\/v2\/types\/page"}],"author":[{"embeddable":true,"href":"https:\/\/www.natalie-achermann.ch\/index.php?rest_route=\/wp\/v2\/users\/1"}],"replies":[{"embeddable":true,"href":"https:\/\/www.natalie-achermann.ch\/index.php?rest_route=%2Fwp%2Fv2%2Fcomments&post=57"}],"version-history":[{"count":30,"href":"https:\/\/www.natalie-achermann.ch\/index.php?rest_route=\/wp\/v2\/pages\/57\/revisions"}],"predecessor-version":[{"id":663,"href":"https:\/\/www.natalie-achermann.ch\/index.php?rest_route=\/wp\/v2\/pages\/57\/revisions\/663"}],"wp:attachment":[{"href":"https:\/\/www.natalie-achermann.ch\/index.php?rest_route=%2Fwp%2Fv2%2Fmedia&parent=57"}],"curies":[{"name":"wp","href":"https:\/\/api.w.org\/{rel}","templated":true}]}}